{"id":29808,"date":"2017-02-16T09:13:19","date_gmt":"2017-02-16T08:13:19","guid":{"rendered":"https:\/\/swiss-hydro.ch\/inicial\/"},"modified":"2026-03-16T06:16:19","modified_gmt":"2026-03-16T05:16:19","slug":"inicial","status":"publish","type":"page","link":"https:\/\/swiss-hydro.ch\/pt-pt\/","title":{"rendered":"EMPRESA SWISS HYDRO"},"content":{"rendered":"<style>html[dir=\"rtl\"] .wpml-language-switcher-block .wpml-ls-dropdown ul li.wp-block-navigation-submenu .wp-block-navigation-submenu__toggle img{margin-left:12px}html[dir=\"rtl\"] .wpml-language-switcher-block .wpml-ls-dropdown ul li.wp-block-navigation-submenu ul.isHorizontal li{text-align:right}html[dir=\"rtl\"] .wpml-language-switcher-block .wpml-ls-dropdown ul li.wp-block-navigation-submenu ul.isHorizontal li a img{margin-left:12px}.wpml-language-switcher-block{display:flex;box-sizing:border-box;width:100% !important}.wpml-language-switcher-block>.wp-block-navigation-item,.wpml-language-switcher-block>.wp-block-navigation-item>div{display:flex;width:100% !important}.wpml-language-switcher-block .wp-block-navigation__container{background:unset !important}.wpml-language-switcher-block .hide-arrow .wp-block-navigation__submenu-icon{display:none}.wpml-language-switcher-block .wpml-ls-dropdown ul li button{padding:0}.wpml-language-switcher-block .wpml-ls-dropdown ul li button+.isHorizontal{min-width:inherit !important}.wpml-language-switcher-block .wpml-ls-dropdown ul li button+.isHorizontal li{width:inherit !important}.wpml-language-switcher-block .wpml-ls-dropdown ul li button+.isHorizontal li a{display:flex;align-items:center;min-width:max-content}.wpml-language-switcher-block .wpml-ls-dropdown ul li.wp-block-navigation-submenu ul.isHorizontal{margin:0;min-width:inherit !important}.wpml-language-switcher-block .wpml-ls-dropdown ul li.wp-block-navigation-submenu ul.isHorizontal li{width:inherit !important;text-align:left}.wpml-language-switcher-block .wpml-ls-dropdown ul li.wp-block-navigation-submenu ul.isHorizontal li a{display:flex;align-items:center;min-width:max-content}.wpml-language-switcher-block ul{list-style-type:none !important;padding:0 !important;width:100%}.wpml-language-switcher-block ul li{margin:0 !important}.wpml-language-switcher-block ul.wp-block-navigation__submenu-container{border:inherit !important;background-color:unset !important;min-width:unset !important}.wpml-language-switcher-block ul.wp-block-navigation__submenu-container .wp-block-navigation-item{border-radius:0 !important}.wpml-language-switcher-block ul.wp-block-navigation__submenu-container .wp-block-navigation-item a{display:flex;align-items:center;min-width:max-content;padding:1px}.wpml-language-switcher-block ul.horizontal-list{display:flex;flex-direction:row;align-items:center;justify-content:flex-start;margin:0 !important;gap:1em !important}.wpml-language-switcher-block ul.horizontal-list li{display:inline-block;margin:0;line-height:100%}.wpml-language-switcher-block ul.horizontal-list li a{line-height:100%}.wpml-language-switcher-block ul.center-justify{justify-content:center}.wpml-language-switcher-block ul.center-justify .wp-block-navigation-item{justify-content:center}.wpml-language-switcher-block ul.right-justify{justify-content:right}.wpml-language-switcher-block ul.right-justify .wp-block-navigation-item{justify-content:right}.wpml-language-switcher-block ul.space_between-justify{justify-content:space-between}.wpml-language-switcher-block ul.space_between-justify li>div{white-space:nowrap}.wpml-language-switcher-block .hasHoverColor:hover{color:var(--hover-color) !important}.wpml-language-switcher-block .hasHoverBackgroundColor:hover{background-color:var(--hover-background-color) !important}.wpml-language-switcher-block ul.isHorizontal{padding-left:0;list-style:none}.wpml-language-switcher-block ul.isHorizontal li{display:inline;margin-left:0}.wpml-language-switcher-block ul.isHorizontal li div{display:inline-block}.wpml-language-switcher-block ul.hasSpacing.isHorizontal li:not(:last-child){margin-right:var(--language-spacing) !important}.wpml-language-switcher-block ul.hasSpacing.isVertical li:not(:last-child){margin-bottom:var(--language-spacing) !important}.wpml-language-switcher-block ul.hasSpacing.isVertical .wp-block-navigation-item>div,.wpml-language-switcher-block ul.hasSpacing.isVertical .wp-block-navigation-item>div>a{display:inline-flex;align-items:center}.wpml-language-switcher-block .hasHoverColor:hover{color:var(--hover-color) !important}.wpml-language-switcher-block .hasHoverBackgroundColor:hover{background-color:var(--hover-background-color) !important}.wpml-language-switcher-block .hasFontSize{font-size:var(--font-size) !important}.wpml-language-switcher-block .hasLetterSpacing{letter-spacing:var(--letter-spacing) !important}.wpml-language-switcher-block .hasTextTransform{text-transform:var(--text-transform) !important}.wpml-language-switcher-block .hasFontFamily{font-family:var(--font-family) !important}.wpml-ls-flag{display:inline-block}.wpml-ls-flag-style-btn{border:0px transparent;padding-top:3px !important}.wpml-ls-flag-style-btn.black-bg{background-color:black}.wpml-ls-flag-style-btn.transparent-bg{background-color:transparent}.wpml-ls-control-row{border:solid 1px #949494;border-radius:2px;margin-bottom:8px}.wpml-ls-control-row-with-padding{padding:1px}.wpml-ls-number-control{max-width:100%;width:100%}.wpml-ls-slider-control-alert{margin-top:5px !important}.wpml-ls-slider .ant-slider-track{background-color:#3858E9}.wpml-ls-slider .ant-slider-handle{border:solid 1px black}.wpml-ls-control-blue{color:#3858E9 !important}.wpml-ls-number-with-unit-select select{color:#3858E9 !important;font-weight:900 !important}.wpml-ls-control-grey{color:#757575}.wpml-ls-control-bg-grey{background-color:#a6a6a6}.wpml-ls-control-font{font-family:\"SF Pro Text\", sans-serif;font-style:normal;font-weight:400 !important;font-size:13px !important;line-height:140% !important}.wpml-ls-option-btn-col{padding:0.5px}.wpml-ls-no-borders{border:none}.ant-col-8.wpml-ls-option-btn-col{display:inline-flex}.wpml-ls-three-btn-row .wpml-ls-option-btn-wrap{white-space:normal;word-break:break-word}.wpml-ls-three-btn-row .ant-btn-no-height-less-padding{height:unset;padding-right:10px;padding-left:10px}.wpml-ls-full-width{width:100%}.wpml-ls-toggle-control .components-form-toggle.is-checked>.components-form-toggle__track{background-color:#3858E9;border-color:#3858E9}.wpml-ls-toggle-control .components-form-toggle.is-checked>.components-form-toggle__thumb{background-color:white}.wpml-ls-toggle-control .components-form-toggle>.components-form-toggle__track{background-color:white;border-color:black}.wpml-ls-toggle-control .components-form-toggle>.components-form-toggle__thumb{background-color:black}.ant-select-dropdown{min-width:45px !important;max-width:45px !important;width:45px !important}.wpml-ls-color-control{border:1px solid #DDDDDD;border-bottom:0px;padding:10px;box-sizing:border-box}.wpml-ls-color-control.wpml-ls-with-bottom-border{border-bottom:1px solid #DDDDDD}.wpml-ls-color-control .wpml-ls-icon-no-color:hover{cursor:pointer}.wpml-ls-color-control .component-color-indicator{width:25px;height:25px;box-shadow:0px 0px 2px 1px lightgrey}.wpml-ls-color-control .component-color-indicator:hover{cursor:pointer}.wpml-ls-color-control .wpml-ls-color-title{top:3px}.wpml-ls-dimension-control{border-top:solid 1px #e0e0e0}.wpml-ls-dimension-control .components-panel__arrow{visibility:hidden}.wpml-ls-panel-settings-dropdown-container{position:absolute;right:0px}.wpml-ls-icon-link{width:24px;height:24px;top:3px;border-radius:2px}.ant-input-number-handler-wrap{display:none !important}.ant-input-number-input{padding-right:0px !important;padding-left:3px !important}.block-editor-contrast-checker+.block-editor-contrast-checker{display:none}.current-language-item{display:flex;align-items:center;min-height:30px}.current-language-item .wp-block-navigation-item__content>div{display:flex;align-items:center}.wpml-ls-fontLetterCase-control button.components-button.has-icon{margin-right:0 !important;min-width:30px !important;height:30px !important}.wpml-ls-fontLetterSpacing-control div.components-input-control__container{top:4px}[data-wpml='language-item']:first-of-type{margin-top:5px !important}.wpml-ls-dimension-panel .components-panel__arrow{display:none}.wpml-ls-typography-panel .components-panel__arrow{display:none}.wpml-ls-panel-settings-dropdown-container>div>button>span.anticon-more{font-size:large;margin-right:10px}.wpml-ls-panel-settings-dropdown-container>div>button>span.anticon-plus{font-size:medium;margin-right:10px}\n\n<\/style><div id=\"\" class=\"wpml-language-switcher-block is-layout-flex is-responsive has-child-selected wp-block-navigation\"><div class=\"block-editor-block-list__block wp-block wp-block-navigation-item has-link has-child wp-block-navigation-submenu\"><div id=\"\" class=\"\"><ul class=\"horizontal-list right-justify hasSpacing isHorizontal\" style=\"--language-spacing:0px;flex-wrap:nowrap\" data-is-drop-zone=\"true\"><li class=\"wp-block-navigation-item \" data-wpml=\"language-item\"><div><a class=\"wp-block-navigation-item__content\" data-wpml=\"link\" href=\"https:\/\/swiss-hydro.ch\/en\/\"><img decoding=\"async\" alt=\"wpml-ls-flag\" class=\"wpml-ls-flag\" src=\"https:\/\/swiss-hydro.ch\/wp-content\/plugins\/sitepress-multilingual-cms\/res\/flags\/en.svg\" style=\"margin-right:4px;width:18px;height:12px;border-radius:50%;object-fit:cover\" size=\"24\" width=\"24\" height=\"24\" data-wpml=\"flag-url\"><span data-wpml=\"label\" data-wpml-label-type=\"native\" class=\"wp-block-navigation-item__label \">English<\/span><\/a><\/div><\/li><li class=\"wp-block-navigation-item \" data-wpml=\"language-item\"><div><a class=\"wp-block-navigation-item__content\" data-wpml=\"link\" href=\"https:\/\/swiss-hydro.ch\/\"><img decoding=\"async\" alt=\"wpml-ls-flag\" class=\"wpml-ls-flag\" src=\"https:\/\/swiss-hydro.ch\/wp-content\/plugins\/sitepress-multilingual-cms\/res\/flags\/fr.svg\" style=\"margin-right:4px;width:18px;height:12px;border-radius:50%;object-fit:cover\" size=\"24\" width=\"24\" height=\"24\" data-wpml=\"flag-url\"><span data-wpml=\"label\" data-wpml-label-type=\"native\" class=\"wp-block-navigation-item__label \">Fran&ccedil;ais<\/span><\/a><\/div><\/li><li class=\"wp-block-navigation-item \" data-wpml=\"current-language-item\"><div><img decoding=\"async\" alt=\"wpml-ls-flag\" class=\"wpml-ls-flag\" src=\"https:\/\/swiss-hydro.ch\/wp-content\/plugins\/sitepress-multilingual-cms\/res\/flags\/pt-pt.svg\" style=\"margin-right:4px;width:18px;height:12px;border-radius:50%;object-fit:cover\" size=\"24\" width=\"24\" height=\"24\" data-wpml=\"flag-url\"><span data-wpml=\"label\" data-wpml-label-type=\"native\" class=\"wp-block-navigation-item__label \">Portugu&ecirc;s<\/span><\/div><\/li><\/ul><\/div><\/div><\/div>\n\n\n\n<p class=\"has-vivid-cyan-blue-color has-text-color has-link-color wp-elements-11ac8d14cabf3d911aba4fae5e8a702f\"><strong>\u00c1gua: uma fonte essencial de vida<\/strong><\/p>\n\n\n\n<p>A \u00e1gua \u00e9 o principal componente do corpo humano. Nos adultos, representa em m\u00e9dia cerca de 60% da massa corporal, ou mais de 40 litros de \u00e1gua para uma pessoa que pesa 70 kg. <\/p>\n\n\n\n<p>Esta propor\u00e7\u00e3o varia consoante diversos fatores:<\/p>\n\n\n\n<ul class=\"wp-block-list\">\n<li>Idade<\/li>\n\n\n\n<li>morfologia<\/li>\n\n\n\n<li>O n\u00edvel de atividade f\u00edsica<\/li>\n<\/ul>\n\n\n\n<p>Com a idade, esta propor\u00e7\u00e3o diminui e pode chegar a aproximadamente 50% nas pessoas idosas.<\/p>\n\n\n\n<p class=\"has-vivid-cyan-blue-color has-text-color has-link-color wp-elements-2f6f6ab38a2c1985ce77c735d7bee5ef\"><strong>A distribui\u00e7\u00e3o da \u00e1gua no corpo humano<\/strong><\/p>\n\n\n\n<p>A \u00e1gua est\u00e1 presente em todos os tecidos e \u00f3rg\u00e3os. Desempenha um papel vital no seu funcionamento. <\/p>\n\n\n\n<p>Eis alguns exemplos da propor\u00e7\u00e3o de \u00e1gua nos diferentes tecidos:<\/p>\n\n\n\n<ul class=\"wp-block-list\">\n<li><strong>Sangue: 79%<\/strong><\/li>\n\n\n\n<li><strong>Pulm\u00f5es: 78%<\/strong><\/li>\n\n\n\n<li><strong>C\u00e9rebro: 76%<\/strong><\/li>\n\n\n\n<li><strong>M\u00fasculos: 75%<\/strong><\/li>\n\n\n\n<li><strong>Pele: 70%<\/strong><\/li>\n\n\n\n<li><strong>Ossos: 22%<\/strong><\/li>\n<\/ul>\n\n\n\n<p>A maior parte da \u00e1gua do nosso organismo encontra-se no interior das nossas c\u00e9lulas, cujo n\u00famero est\u00e1 estimado em v\u00e1rios trili\u00f5es.<\/p>\n\n\n\n<p class=\"has-vivid-cyan-blue-color has-text-color has-link-color wp-elements-ad8f8064f4ac332846e15f932c281d1f\"><strong>Uma renova\u00e7\u00e3o di\u00e1ria essencial<\/strong><\/p>\n\n\n\n<p>Diariamente, o organismo humano perde aproximadamente 2,5 litros de \u00e1gua atrav\u00e9s de diversos processos naturais:<\/p>\n\n\n\n<ul class=\"wp-block-list\">\n<li>a respira\u00e7\u00e3o<\/li>\n\n\n\n<li>a transpira\u00e7\u00e3o<\/li>\n\n\n\n<li>elimina\u00e7\u00e3o urin\u00e1ria<\/li>\n<\/ul>\n\n\n\n<p>\u00c9, por isso, essencial compensar estas perdas di\u00e1rias atrav\u00e9s de:<\/p>\n\n\n\n<ul class=\"wp-block-list\">\n<li>a \u00e1gua que bebemos (aproximadamente 1,5 litros por dia)<\/li>\n\n\n\n<li>\u00c1gua fornecida pelos alimentos (fruta, legumes, alimentos ricos em \u00e1gua)<\/li>\n<\/ul>\n\n\n\n<p>Manter uma boa hidrata\u00e7\u00e3o \u00e9 essencial para o bom funcionamento do organismo e para o equil\u00edbrio celular.<\/p>\n\n\n\n<p class=\"has-vivid-cyan-blue-color has-text-color has-link-color wp-elements-e3eb35a6cdffb48dfd5f1d7de9727758\"><strong>O papel fundamental da \u00e1gua no organismo<\/strong><\/p>\n\n\n\n<p>A mol\u00e9cula de \u00e1gua (H\u2082O) desempenha um grande n\u00famero de fun\u00e7\u00f5es biol\u00f3gicas essenciais.<\/p>\n\n\n\n<p>Atua, em particular, como:<\/p>\n\n\n\n<ul class=\"wp-block-list\">\n<li>Um solvente natural, que possibilita as rea\u00e7\u00f5es qu\u00edmicas necess\u00e1rias \u00e0 vida<\/li>\n\n\n\n<li>vetor de transporte de nutrientes, minerais e vitaminas<\/li>\n\n\n\n<li>regulador de temperatura corporal<\/li>\n\n\n\n<li><strong>suporte aos processos celulares<\/strong><\/li>\n<\/ul>\n\n\n\n<p>Sem \u00e1gua l\u00edquida, a vida como a conhecemos seria imposs\u00edvel.<\/p>\n\n\n\n<p class=\"has-vivid-cyan-blue-color has-text-color has-link-color wp-elements-20734aa6e48f62d8896ed279fa4b731e\"><strong>Porque \u00e9 que a qualidade da \u00e1gua \u00e9 essencial<\/strong><\/p>\n\n\n\n<p>Sendo a \u00e1gua o principal componente do nosso organismo, a sua qualidade \u00e9 crucial para o nosso bem-estar.<\/p>\n\n\n\n<p>Consumir \u00e1gua saud\u00e1vel e equilibrada ajuda a hidratar melhor as c\u00e9lulas e a prevenir a acumula\u00e7\u00e3o de subst\u00e2ncias indesej\u00e1veis, tais como:<\/p>\n\n\n\n<ul class=\"wp-block-list\">\n<li>cloro<\/li>\n\n\n\n<li>pesticidas<\/li>\n\n\n\n<li>metais pesados<\/li>\n\n\n\n<li>res\u00edduos qu\u00edmicos<\/li>\n\n\n\n<li>micropolluants<\/li>\n<\/ul>\n\n\n\n<p>Assim, a \u00e1gua de melhor qualidade ajuda a preservar o equil\u00edbrio celular e o bom funcionamento do organismo.<\/p>\n\n\n\n<p class=\"has-vivid-cyan-blue-color has-text-color has-link-color wp-elements-c1f921ee1211436795f0e4dc9e67e333\"><strong>Tratamento e revitaliza\u00e7\u00e3o da \u00e1gua na Su\u00ed\u00e7a<\/strong><\/p>\n\n\n\n<p>A Swiss Hydro \u00e9 uma empresa su\u00ed\u00e7a especializada no tratamento e revitaliza\u00e7\u00e3o de \u00e1gua e na otimiza\u00e7\u00e3o de sistemas hidr\u00e1ulicos. Desenvolvemos solu\u00e7\u00f5es inovadoras para redes de \u00e1gua pot\u00e1vel, instala\u00e7\u00f5es sanit\u00e1rias, sistemas de aquecimento, ar condicionado e refrigera\u00e7\u00e3o. <\/p>\n\n\n\n<p><\/p>\n\n\n\n<figure class=\"wp-block-image size-large\"><img decoding=\"async\" width=\"1024\" height=\"576\" src=\"https:\/\/swiss-hydro.ch\/wp-content\/uploads\/2026\/03\/Home-PT-1024x576.jpg\" alt=\"\" class=\"wp-image-30565\" srcset=\"https:\/\/swiss-hydro.ch\/wp-content\/uploads\/2026\/03\/Home-PT-1024x576.jpg 1024w, https:\/\/swiss-hydro.ch\/wp-content\/uploads\/2026\/03\/Home-PT-300x169.jpg 300w, https:\/\/swiss-hydro.ch\/wp-content\/uploads\/2026\/03\/Home-PT-768x432.jpg 768w, https:\/\/swiss-hydro.ch\/wp-content\/uploads\/2026\/03\/Home-PT-1536x864.jpg 1536w, https:\/\/swiss-hydro.ch\/wp-content\/uploads\/2026\/03\/Home-PT.jpg 1920w\" sizes=\"(max-width: 1024px) 100vw, 1024px\" \/><\/figure>\n\n\n\n<p><\/p>\n\n\n\n<p class=\"has-vivid-cyan-blue-color has-text-color has-link-color wp-elements-bf8af52d544747b321e3065083d6b64d\"><strong>Uma tecnologia inovadora de revitaliza\u00e7\u00e3o da \u00e1gua<\/strong><\/p>\n\n\n\n<p>A Swiss Hydro est\u00e1 entre as pioneiras na revitaliza\u00e7\u00e3o da \u00e1gua na Su\u00ed\u00e7a. Esta tecnologia otimiza a estrutura da \u00e1gua para melhorar as suas propriedades f\u00edsicas, biol\u00f3gicas e energ\u00e9ticas, protegendo ao mesmo tempo as instala\u00e7\u00f5es hidr\u00e1ulicas.  <\/p>\n\n\n\n<ul class=\"wp-block-list\">\n<li>\u00e1gua mais est\u00e1vel e equilibrada<\/li>\n\n\n\n<li>redu\u00e7\u00e3o de incrusta\u00e7\u00f5es e corros\u00e3o<\/li>\n\n\n\n<li>instala\u00e7\u00f5es mais eficientes<\/li>\n\n\n\n<li>melhor efici\u00eancia energ\u00e9tica<\/li>\n<\/ul>\n\n\n\n<p class=\"has-vivid-cyan-blue-color has-text-color has-link-color wp-elements-7243a22e87b4ca6fe10fa39bfb083795\"><strong>Solu\u00e7\u00f5es para in\u00fameras aplica\u00e7\u00f5es<\/strong> <\/p>\n\n\n\n<p>As nossas tecnologias adaptam-se a diferentes ambientes.<\/p>\n\n\n\n<p><strong>\u00c1gua pot\u00e1vel<\/strong><\/p>\n\n\n\n<p>Melhorar a qualidade da \u00e1gua para consumo e conforto di\u00e1rio.<\/p>\n\n\n\n<p><strong>Instala\u00e7\u00f5es sanit\u00e1rias<\/strong><\/p>\n\n\n\n<p>Preven\u00e7\u00e3o de incrusta\u00e7\u00f5es, corros\u00e3o, bact\u00e9rias e biofilmes em sistemas de \u00e1gua.<\/p>\n\n\n\n<p><strong>Aquecimento e refrigera\u00e7\u00e3o<\/strong><\/p>\n\n\n\n<p>Otimiza\u00e7\u00e3o de sistemas de aquecimento, ar condicionado e circuito fechado.<\/p>\n\n\n\n<p class=\"has-vivid-cyan-blue-color has-text-color has-link-color wp-elements-6ed855e3d92b5c32bfcdd107f6436ce0\"><strong>Reduza os seus custos e o seu impacto ambiental.<\/strong><\/p>\n\n\n\n<p>As solu\u00e7\u00f5es da Swiss Hydro permitem:<\/p>\n\n\n\n<ul class=\"wp-block-list\">\n<li>reduzir o uso de produtos qu\u00edmicos<\/li>\n\n\n\n<li>reduzir o consumo de energia<\/li>\n\n\n\n<li>prolongar a vida \u00fatil dos equipamentos<\/li>\n\n\n\n<li>reduzir os custos de manuten\u00e7\u00e3o<\/li>\n<\/ul>\n\n\n\n<p>Uma solu\u00e7\u00e3o sustent\u00e1vel para a gest\u00e3o da \u00e1gua e da energia nos edif\u00edcios.<\/p>\n\n\n\n<p>Apoiamos:<\/p>\n\n\n\n<ul class=\"wp-block-list\">\n<li>comunidades<\/li>\n\n\n\n<li>empresas industriais<\/li>\n\n\n\n<li>administradores de im\u00f3veis<\/li>\n\n\n\n<li>part\u00edculares<\/li>\n<\/ul>\n\n\n\n<p class=\"has-vivid-cyan-blue-color has-text-color has-link-color wp-elements-bbbac5103a75dd368a08b94565f51665\"><strong>Melhore a qualidade da sua \u00e1gua hoje mesmo<\/strong><\/p>\n\n\n\n<p>\u2714 Proteja as suas instala\u00e7\u00f5es<br>\u2714 Melhore a qualidade da sua \u00e1gua<br>\u2714 Reduza os seus custos de energia<\/p>\n\n\n\n<p class=\"has-vivid-cyan-blue-color has-text-color has-link-color wp-elements-e4d7621cc95511a86431931ce2c1bf9f\"><strong>Entre em contacto com a Swiss Hydro e solicite o seu estudo personalizado.<\/strong><\/p>\n\n\n\n<p class=\"has-text-align-center\">Swiss Hydro SARL, Route d&#8217;Oron 149, 1000 Lausanne 27<\/p>\n\n\n\n<p class=\"has-text-align-center\">Telefone : +41 21 791 45 75<\/p>\n\n\n\n<p class=\"has-text-align-center\">Email : info@swiss-hydro.ch<\/p>\n\n\n\n<ul class=\"wp-block-social-links aligncenter is-layout-flex wp-block-social-links-is-layout-flex\"><li class=\"wp-social-link wp-social-link-facebook  wp-block-social-link\"><a href=\"https:\/\/www.facebook.com\/share\/1JuZTC43Kb\/?mibextid=wwXIfr\" class=\"wp-block-social-link-anchor\"><svg width=\"24\" height=\"24\" viewBox=\"0 0 24 24\" version=\"1.1\" xmlns=\"http:\/\/www.w3.org\/2000\/svg\" aria-hidden=\"true\" focusable=\"false\"><path d=\"M12 2C6.5 2 2 6.5 2 12c0 5 3.7 9.1 8.4 9.9v-7H7.9V12h2.5V9.8c0-2.5 1.5-3.9 3.8-3.9 1.1 0 2.2.2 2.2.2v2.5h-1.3c-1.2 0-1.6.8-1.6 1.6V12h2.8l-.4 2.9h-2.3v7C18.3 21.1 22 17 22 12c0-5.5-4.5-10-10-10z\"><\/path><\/svg><span class=\"wp-block-social-link-label screen-reader-text\">Facebook<\/span><\/a><\/li>\n\n<li class=\"wp-social-link wp-social-link-linkedin  wp-block-social-link\"><a href=\"https:\/\/www.linkedin.com\/company\/swisshydro\/\" class=\"wp-block-social-link-anchor\"><svg width=\"24\" height=\"24\" viewBox=\"0 0 24 24\" version=\"1.1\" xmlns=\"http:\/\/www.w3.org\/2000\/svg\" aria-hidden=\"true\" focusable=\"false\"><path d=\"M19.7,3H4.3C3.582,3,3,3.582,3,4.3v15.4C3,20.418,3.582,21,4.3,21h15.4c0.718,0,1.3-0.582,1.3-1.3V4.3 C21,3.582,20.418,3,19.7,3z M8.339,18.338H5.667v-8.59h2.672V18.338z M7.004,8.574c-0.857,0-1.549-0.694-1.549-1.548 c0-0.855,0.691-1.548,1.549-1.548c0.854,0,1.547,0.694,1.547,1.548C8.551,7.881,7.858,8.574,7.004,8.574z M18.339,18.338h-2.669 v-4.177c0-0.996-0.017-2.278-1.387-2.278c-1.389,0-1.601,1.086-1.601,2.206v4.249h-2.667v-8.59h2.559v1.174h0.037 c0.356-0.675,1.227-1.387,2.526-1.387c2.703,0,3.203,1.779,3.203,4.092V18.338z\"><\/path><\/svg><span class=\"wp-block-social-link-label screen-reader-text\">LinkedIn<\/span><\/a><\/li><\/ul>\n\n\n\n<p class=\"has-text-align-center has-vivid-cyan-blue-color has-text-color has-link-color wp-elements-852d108266aa767693325e3928d6857d\"><strong>ETIQUETAS DE QUALIDADE<\/strong><\/p>\n\n\n\n<p>As nossas tecnologias s\u00e3o testadas e analisadas por laborat\u00f3rios reconhecidos, como a WESSLING e a MICROSCAN, garantindo resultados fi\u00e1veis \u200b\u200be mensur\u00e1veis.<\/p>\n\n\n\n<figure class=\"wp-block-image size-large\"><img decoding=\"async\" width=\"1024\" height=\"329\" src=\"https:\/\/swiss-hydro.ch\/wp-content\/uploads\/2026\/03\/Labels-qualite_home-1024x329.png\" alt=\"\" class=\"wp-image-30168\" srcset=\"https:\/\/swiss-hydro.ch\/wp-content\/uploads\/2026\/03\/Labels-qualite_home-1024x329.png 1024w, https:\/\/swiss-hydro.ch\/wp-content\/uploads\/2026\/03\/Labels-qualite_home-300x96.png 300w, https:\/\/swiss-hydro.ch\/wp-content\/uploads\/2026\/03\/Labels-qualite_home-768x247.png 768w, https:\/\/swiss-hydro.ch\/wp-content\/uploads\/2026\/03\/Labels-qualite_home-1536x493.png 1536w, https:\/\/swiss-hydro.ch\/wp-content\/uploads\/2026\/03\/Labels-qualite_home.png 1869w\" sizes=\"(max-width: 1024px) 100vw, 1024px\" \/><\/figure>\n","protected":false},"excerpt":{"rendered":"<p>\u00c1gua: uma fonte essencial de vida A \u00e1gua \u00e9 o principal componente do corpo humano. Nos adultos, representa em m\u00e9dia cerca de 60% da massa corporal, ou mais de 40 litros de \u00e1gua para uma pessoa que pesa 70 kg. &hellip; <\/p>\n","protected":false},"author":1,"featured_media":0,"parent":0,"menu_order":0,"comment_status":"closed","ping_status":"closed","template":"","meta":{"om_disable_all_campaigns":false,"_monsterinsights_skip_tracking":false,"_monsterinsights_sitenote_active":false,"_monsterinsights_sitenote_note":"","_monsterinsights_sitenote_category":0,"footnotes":""},"class_list":["post-29808","page","type-page","status-publish","hentry"],"aioseo_notices":[],"_links":{"self":[{"href":"https:\/\/swiss-hydro.ch\/pt-pt\/wp-json\/wp\/v2\/pages\/29808","targetHints":{"allow":["GET"]}}],"collection":[{"href":"https:\/\/swiss-hydro.ch\/pt-pt\/wp-json\/wp\/v2\/pages"}],"about":[{"href":"https:\/\/swiss-hydro.ch\/pt-pt\/wp-json\/wp\/v2\/types\/page"}],"author":[{"embeddable":true,"href":"https:\/\/swiss-hydro.ch\/pt-pt\/wp-json\/wp\/v2\/users\/1"}],"replies":[{"embeddable":true,"href":"https:\/\/swiss-hydro.ch\/pt-pt\/wp-json\/wp\/v2\/comments?post=29808"}],"version-history":[{"count":17,"href":"https:\/\/swiss-hydro.ch\/pt-pt\/wp-json\/wp\/v2\/pages\/29808\/revisions"}],"predecessor-version":[{"id":30569,"href":"https:\/\/swiss-hydro.ch\/pt-pt\/wp-json\/wp\/v2\/pages\/29808\/revisions\/30569"}],"wp:attachment":[{"href":"https:\/\/swiss-hydro.ch\/pt-pt\/wp-json\/wp\/v2\/media?parent=29808"}],"curies":[{"name":"wp","href":"https:\/\/api.w.org\/{rel}","templated":true}]}}