{"id":29814,"date":"2022-11-07T10:07:18","date_gmt":"2022-11-07T09:07:18","guid":{"rendered":"https:\/\/swiss-hydro.ch\/hydro-care\/"},"modified":"2026-03-16T06:19:33","modified_gmt":"2026-03-16T05:19:33","slug":"hydro-care","status":"publish","type":"page","link":"https:\/\/swiss-hydro.ch\/pt-pt\/hydro-care\/","title":{"rendered":"HYDRO CARE"},"content":{"rendered":"\n<figure class=\"wp-block-image size-large\"><img decoding=\"async\" width=\"1024\" height=\"576\" src=\"https:\/\/swiss-hydro.ch\/wp-content\/uploads\/2026\/03\/Hydro-Care-1024x576.jpg\" alt=\"\" class=\"wp-image-30191\" srcset=\"https:\/\/swiss-hydro.ch\/wp-content\/uploads\/2026\/03\/Hydro-Care-1024x576.jpg 1024w, https:\/\/swiss-hydro.ch\/wp-content\/uploads\/2026\/03\/Hydro-Care-300x169.jpg 300w, https:\/\/swiss-hydro.ch\/wp-content\/uploads\/2026\/03\/Hydro-Care-768x432.jpg 768w, https:\/\/swiss-hydro.ch\/wp-content\/uploads\/2026\/03\/Hydro-Care-1536x864.jpg 1536w, https:\/\/swiss-hydro.ch\/wp-content\/uploads\/2026\/03\/Hydro-Care.jpg 1920w\" sizes=\"(max-width: 1024px) 100vw, 1024px\" \/><\/figure>\n\n\n\n<p class=\"has-vivid-cyan-blue-color has-text-color has-link-color wp-elements-5a81337fabbc0a14d2e8c631133a3f3e\"><strong>Hydro Care: \u00e1gua pot\u00e1vel revitalizada e ainda mais pura<\/strong><\/p>\n\n\n\n<p>Hydro Care \u00e9 uma solu\u00e7\u00e3o inovadora desenvolvida pela Swiss Hydro para melhorar a qualidade da \u00e1gua pot\u00e1vel e otimizar as suas propriedades naturais.<\/p>\n\n\n\n<p>A \u00e1gua \u00e9 um elemento essencial \u00e0 vida. No entanto, devido \u00e0s altera\u00e7\u00f5es clim\u00e1ticas, \u00e0 polui\u00e7\u00e3o ambiental e \u00e0 crescente press\u00e3o sobre os recursos naturais, o acesso a \u00e1gua de elevada qualidade est\u00e1 a tornar-se um grande problema global. <\/p>\n\n\n\n<p>Neste contexto, as tecnologias de tratamento e revitaliza\u00e7\u00e3o da \u00e1gua desempenham um papel essencial na preserva\u00e7\u00e3o da qualidade da \u00e1gua destinada ao consumo humano e aos usos dom\u00e9sticos.<\/p>\n\n\n\n<p class=\"has-vivid-cyan-blue-color has-text-color has-link-color wp-elements-75e00a56d85b8a11377c3f911d5a93b2\"><strong>Um desafio global: preservar a qualidade da \u00e1gua.<\/strong><\/p>\n\n\n\n<p>A escassez de \u00e1gua pot\u00e1vel est\u00e1 a afetar muitas \u00e1reas da sociedade atualmente.<\/p>\n\n\n\n<p>As suas consequ\u00eancias afectam n\u00e3o s\u00f3 os indiv\u00edduos e os agregados familiares, mas tamb\u00e9m muitos sectores econ\u00f3micos, tais como:<\/p>\n\n\n\n<ul class=\"wp-block-list\">\n<li>a ind\u00fastria alimentar<\/li>\n\n\n\n<li>agricultura<\/li>\n\n\n\n<li>bem-estar e sa\u00fade<\/li>\n\n\n\n<li>ind\u00fastria ligeira e pesada<\/li>\n\n\n\n<li>infraestruturas coletivas<\/li>\n<\/ul>\n\n\n\n<p>Melhorar a qualidade da \u00e1gua e otimizar a sua utiliza\u00e7\u00e3o \u00e9, por isso, um desafio estrat\u00e9gico para os pr\u00f3ximos anos.<\/p>\n\n\n\n<p class=\"has-vivid-cyan-blue-color has-text-color has-link-color wp-elements-5764fbbd8391ae042a7b54be5295018d\"><strong>Uma tecnologia baseada na revitaliza\u00e7\u00e3o da \u00e1gua<\/strong><\/p>\n\n\n\n<p>Para fazer face a estes desafios, investigadores e cientistas de todo o mundo est\u00e3o a desenvolver solu\u00e7\u00f5es inovadoras para a purifica\u00e7\u00e3o e revitaliza\u00e7\u00e3o da \u00e1gua.<\/p>\n\n\n\n<p>A tecnologia Hydro Care baseia-se na otimiza\u00e7\u00e3o da estrutura da \u00e1gua para melhorar as suas propriedades naturais.<\/p>\n\n\n\n<p>Os nossos dispositivos s\u00e3o projetados para:<\/p>\n\n\n\n<ul class=\"wp-block-list\">\n<li><strong>reestruturar as mol\u00e9culas de \u00e1gua (H\u2082O)<\/strong><\/li>\n\n\n\n<li>melhorar a din\u00e2mica molecular da \u00e1gua<\/li>\n\n\n\n<li>para promover uma melhor oxigena\u00e7\u00e3o<\/li>\n\n\n\n<li>para apoiar o equil\u00edbrio natural da \u00e1gua<\/li>\n<\/ul>\n\n\n\n<p>Esta abordagem permite-nos obter \u00e1gua revitalizada, mais equilibrada e agrad\u00e1vel ao paladar, respeitando as suas propriedades naturais.<\/p>\n\n\n\n<p class=\"has-vivid-cyan-blue-color has-text-color has-link-color wp-elements-271875508f8162b0406326f85e085cb3\"><strong>Os benef\u00edcios da tecnologia Hydro Care<\/strong><\/p>\n\n\n\n<p>Os sistemas Hydro Care ajudam a melhorar a qualidade da \u00e1gua em diversas aplica\u00e7\u00f5es:<\/p>\n\n\n\n<p><strong>Melhoria da \u00e1gua pot\u00e1vel<\/strong><\/p>\n\n\n\n<ul class=\"wp-block-list\">\n<li>mais equilibrado e mais agrad\u00e1vel de beber<\/li>\n\n\n\n<li>otimiza\u00e7\u00e3o da hidrata\u00e7\u00e3o celular<\/li>\n<\/ul>\n\n\n\n<p><strong>Prote\u00e7\u00e3o de instala\u00e7\u00f5es dom\u00e9sticas<\/strong><\/p>\n\n\n\n<ul class=\"wp-block-list\">\n<li>redu\u00e7\u00e3o de dep\u00f3sitos nas redes<\/li>\n\n\n\n<li>Melhoria da estabilidade da \u00e1gua em instala\u00e7\u00f5es sanit\u00e1rias<\/li>\n<\/ul>\n\n\n\n<p><strong>Abordagem ecol\u00f3gica<\/strong><\/p>\n\n\n\n<ul class=\"wp-block-list\">\n<li>solu\u00e7\u00e3o ecologicamente correta<\/li>\n\n\n\n<li>potencial redu\u00e7\u00e3o do uso de produtos qu\u00edmicos<\/li>\n<\/ul>\n\n\n\n<p class=\"has-vivid-cyan-blue-color has-text-color has-link-color wp-elements-34475647680ce8851d1699cf8fc94126\"><strong>Uma inova\u00e7\u00e3o da Swiss Hydro para \u00e1gua de melhor qualidade.<\/strong><\/p>\n\n\n\n<p>Com o Hydro Care, a Swiss Hydro oferece uma solu\u00e7\u00e3o moderna concebida para melhorar a qualidade da \u00e1gua diariamente, contribuindo simultaneamente para a gest\u00e3o sustent\u00e1vel dos recursos h\u00eddricos.<\/p>\n\n\n\n<p>As nossas tecnologias integram-se facilmente em:<\/p>\n\n\n\n<ul class=\"wp-block-list\">\n<li>resid\u00eancias particulares<\/li>\n\n\n\n<li>edif\u00edcios coletivos<\/li>\n\n\n\n<li>instala\u00e7\u00f5es profissionais<\/li>\n<\/ul>\n\n\n\n<p class=\"has-vivid-cyan-blue-color has-text-color has-link-color wp-elements-3ad4e32eb6d524bb44c8fabd66a1e2cd\"><strong>Revitalizador de \u00e1gua bioenerg\u00e9tico<\/strong><\/p>\n\n\n\n<p>A \u00e1gua \u00e9 uma condi\u00e7\u00e3o essencial para a exist\u00eancia de vida e constitui um dos elementos fundamentais do nosso ambiente e do nosso corpo.<\/p>\n\n\n\n<p>No seu estado natural, a \u00e1gua que brota da terra, tal como a de uma nascente, possui uma energia din\u00e2mica natural. Circula livremente pelas rochas e pelos solos, transportando-se de minerais, elementos naturais e informa\u00e7\u00e3o energ\u00e9tica que contribuem para o seu equil\u00edbrio. <\/p>\n\n\n\n<p>No entanto, nos sistemas de distribui\u00e7\u00e3o modernos, a \u00e1gua sofre diversas transforma\u00e7\u00f5es. O bombeamento, o transporte por tubagens e a passagem por diversas instala\u00e7\u00f5es t\u00e9cnicas podem alterar algumas das suas propriedades naturais. <\/p>\n\n\n\n<p>Al\u00e9m disso, a exposi\u00e7\u00e3o a instala\u00e7\u00f5es el\u00e9tricas e a campos eletromagn\u00e9ticos tamb\u00e9m pode influenciar o equil\u00edbrio natural da \u00e1gua.<\/p>\n\n\n\n<p>O revitalizador bioenerg\u00e9tico de \u00e1gua tem como objetivo ajudar a restaurar e otimizar as qualidades naturais da \u00e1gua, de forma a conferir-lhe uma estrutura mais harmoniosa e equilibrada.<\/p>\n\n\n\n<p class=\"has-vivid-cyan-blue-color has-text-color has-link-color wp-elements-d09ad8409a10c2ee9b7c971cfcdb4989\"><strong>Recrie a natureza com Hydro Care.<\/strong><\/p>\n\n\n\n<p>O sistema Hydro Care foi concebido para ajudar a restaurar certas caracter\u00edsticas naturais da \u00e1gua, inspirando-se em mecanismos observados na natureza.<\/p>\n\n\n\n<p>Dans les milieux naturels, l\u2019eau circule librement, se m\u00e9lange, s\u2019oxyg\u00e8ne et se dynamise au contact des \u00e9l\u00e9ments naturels. Hydro Care vise \u00e0 reproduire ces ph\u00e9nom\u00e8nes naturels au sein des installations modernes de distribution d\u2019eau. <\/p>\n\n\n\n<figure class=\"wp-block-image size-large\"><img decoding=\"async\" width=\"1024\" height=\"576\" src=\"https:\/\/swiss-hydro.ch\/wp-content\/uploads\/2026\/03\/HydroCarept1-1024x576.jpg\" alt=\"\" class=\"wp-image-30570\" srcset=\"https:\/\/swiss-hydro.ch\/wp-content\/uploads\/2026\/03\/HydroCarept1-1024x576.jpg 1024w, https:\/\/swiss-hydro.ch\/wp-content\/uploads\/2026\/03\/HydroCarept1-300x169.jpg 300w, https:\/\/swiss-hydro.ch\/wp-content\/uploads\/2026\/03\/HydroCarept1-768x432.jpg 768w, https:\/\/swiss-hydro.ch\/wp-content\/uploads\/2026\/03\/HydroCarept1-1536x864.jpg 1536w, https:\/\/swiss-hydro.ch\/wp-content\/uploads\/2026\/03\/HydroCarept1.jpg 1920w\" sizes=\"(max-width: 1024px) 100vw, 1024px\" \/><\/figure>\n\n\n\n<p class=\"has-vivid-cyan-blue-color has-text-color has-link-color wp-elements-e7c8d06e51004817e3de9ce917251cf6\"><strong>O princ\u00edpio de funcionamento da Hydro Care<\/strong><\/p>\n\n\n\n<p>Quando a \u00e1gua pressurizada passa pelo dispositivo Hydro Care, \u00e9 posta em movimento de uma forma espec\u00edfica, gerando um efeito de v\u00f3rtice. Este fen\u00f3meno imita o movimento natural da \u00e1gua no leito de um rio, onde os turbilh\u00f5es ajudam a oxigenar e a energizar a \u00e1gua. <\/p>\n\n\n\n<p>O princ\u00edpio do v\u00f3rtice e a energiza\u00e7\u00e3o da \u00e1gua foram estudados de forma not\u00e1vel pelo cientista austr\u00edaco Viktor Schauberger (1885\u20131958), cujo trabalho se centrou nos movimentos naturais da \u00e1gua no ambiente.<\/p>\n\n\n\n<figure class=\"wp-block-image size-large\"><img decoding=\"async\" width=\"1024\" height=\"576\" src=\"https:\/\/swiss-hydro.ch\/wp-content\/uploads\/2026\/03\/HydroCarept2-1024x576.jpg\" alt=\"\" class=\"wp-image-30573\" srcset=\"https:\/\/swiss-hydro.ch\/wp-content\/uploads\/2026\/03\/HydroCarept2-1024x576.jpg 1024w, https:\/\/swiss-hydro.ch\/wp-content\/uploads\/2026\/03\/HydroCarept2-300x169.jpg 300w, https:\/\/swiss-hydro.ch\/wp-content\/uploads\/2026\/03\/HydroCarept2-768x432.jpg 768w, https:\/\/swiss-hydro.ch\/wp-content\/uploads\/2026\/03\/HydroCarept2-1536x864.jpg 1536w, https:\/\/swiss-hydro.ch\/wp-content\/uploads\/2026\/03\/HydroCarept2.jpg 1920w\" sizes=\"(max-width: 1024px) 100vw, 1024px\" \/><\/figure>\n\n\n\n<p class=\"has-vivid-cyan-blue-color has-text-color has-link-color wp-elements-9932574f067d44e9706e1926f9cc6e1e\"><strong>Magnetiza\u00e7\u00e3o e modifica\u00e7\u00e3o da estrutura da \u00e1gua<\/strong><\/p>\n\n\n\n<p>Dentro do sistema Hydro Care, a \u00e1gua tamb\u00e9m passa por um campo de frequ\u00eancia espec\u00edfico que ajuda a modificar certas propriedades f\u00edsicas da \u00e1gua.<\/p>\n\n\n\n<p>Este processo pode incluir:<\/p>\n\n\n\n<ul class=\"wp-block-list\">\n<li>para promover uma melhor oxigena\u00e7\u00e3o da \u00e1gua<\/li>\n\n\n\n<li>reduzir a sua tens\u00e3o superficial<\/li>\n\n\n\n<li>influenciar a estrutura cristalina do calc\u00e1rio presente na \u00e1gua<\/li>\n<\/ul>\n\n\n\n<p>Gra\u00e7as a estes efeitos, o sistema pode ajudar a limitar a forma\u00e7\u00e3o de dep\u00f3sitos de calc\u00e1rio e ferrugem nas instala\u00e7\u00f5es, principalmente em tubagens e equipamentos sanit\u00e1rios.<\/p>\n\n\n\n<p class=\"has-vivid-cyan-blue-color has-text-color has-link-color wp-elements-aa9a815af55597dab26d25b25d371420\"><strong>Transmiss\u00e3o de informa\u00e7\u00e3o e balan\u00e7o h\u00eddrico<\/strong><\/p>\n\n\n\n<p>A \u00e1gua tem tamb\u00e9m a capacidade de armazenar e transmitir determinadas informa\u00e7\u00f5es f\u00edsicas relacionadas com o seu ambiente. A a\u00e7\u00e3o combinada do v\u00f3rtice e do campo de magnetiza\u00e7\u00e3o contribui, portanto, para influenciar a organiza\u00e7\u00e3o molecular da \u00e1gua. <\/p>\n\n\n\n<p>Dentro do sistema Hydro Care, um l\u00edquido espec\u00edfico circula em circuito fechado, mantendo as suas propriedades originais. Atua como meio de transmiss\u00e3o, influenciando a \u00e1gua que passa pelo dispositivo. <\/p>\n\n\n\n<p>Este fen\u00f3meno baseia-se nos princ\u00edpios fundamentais da resson\u00e2ncia e da intera\u00e7\u00e3o energ\u00e9tica, que permitem a transmiss\u00e3o de informa\u00e7\u00e3o sem necessidade de energia externa.<\/p>\n\n\n\n<figure class=\"wp-block-image size-large\"><img decoding=\"async\" width=\"1024\" height=\"576\" src=\"https:\/\/swiss-hydro.ch\/wp-content\/uploads\/2026\/03\/HydroCarept3-1024x576.jpg\" alt=\"\" class=\"wp-image-30577\" srcset=\"https:\/\/swiss-hydro.ch\/wp-content\/uploads\/2026\/03\/HydroCarept3-1024x576.jpg 1024w, https:\/\/swiss-hydro.ch\/wp-content\/uploads\/2026\/03\/HydroCarept3-300x169.jpg 300w, https:\/\/swiss-hydro.ch\/wp-content\/uploads\/2026\/03\/HydroCarept3-768x432.jpg 768w, https:\/\/swiss-hydro.ch\/wp-content\/uploads\/2026\/03\/HydroCarept3-1536x864.jpg 1536w, https:\/\/swiss-hydro.ch\/wp-content\/uploads\/2026\/03\/HydroCarept3.jpg 1920w\" sizes=\"(max-width: 1024px) 100vw, 1024px\" \/><\/figure>\n\n\n\n<p>Esta instala\u00e7\u00e3o simples e eficaz otimiza a qualidade da \u00e1gua em toda a rede de distribui\u00e7\u00e3o do edif\u00edcio, protegendo ao mesmo tempo as tubagens e os equipamentos.<\/p>\n\n\n\n<figure class=\"wp-block-image size-large\"><img decoding=\"async\" width=\"1024\" height=\"576\" src=\"https:\/\/swiss-hydro.ch\/wp-content\/uploads\/2026\/03\/HydroCarept4-1024x576.jpg\" alt=\"\" class=\"wp-image-30580\" srcset=\"https:\/\/swiss-hydro.ch\/wp-content\/uploads\/2026\/03\/HydroCarept4-1024x576.jpg 1024w, https:\/\/swiss-hydro.ch\/wp-content\/uploads\/2026\/03\/HydroCarept4-300x169.jpg 300w, https:\/\/swiss-hydro.ch\/wp-content\/uploads\/2026\/03\/HydroCarept4-768x432.jpg 768w, https:\/\/swiss-hydro.ch\/wp-content\/uploads\/2026\/03\/HydroCarept4-1536x864.jpg 1536w, https:\/\/swiss-hydro.ch\/wp-content\/uploads\/2026\/03\/HydroCarept4.jpg 1920w\" sizes=\"(max-width: 1024px) 100vw, 1024px\" \/><\/figure>\n","protected":false},"excerpt":{"rendered":"<p>Hydro Care: \u00e1gua pot\u00e1vel revitalizada e ainda mais pura Hydro Care \u00e9 uma solu\u00e7\u00e3o inovadora desenvolvida pela Swiss Hydro para melhorar a qualidade da \u00e1gua pot\u00e1vel e otimizar as suas propriedades naturais. A \u00e1gua \u00e9 um elemento essencial \u00e0 vida. &hellip; <\/p>\n","protected":false},"author":1,"featured_media":0,"parent":0,"menu_order":0,"comment_status":"closed","ping_status":"closed","template":"","meta":{"om_disable_all_campaigns":false,"_monsterinsights_skip_tracking":false,"_monsterinsights_sitenote_active":false,"_monsterinsights_sitenote_note":"","_monsterinsights_sitenote_category":0,"footnotes":""},"class_list":["post-29814","page","type-page","status-publish","hentry"],"aioseo_notices":[],"_links":{"self":[{"href":"https:\/\/swiss-hydro.ch\/pt-pt\/wp-json\/wp\/v2\/pages\/29814","targetHints":{"allow":["GET"]}}],"collection":[{"href":"https:\/\/swiss-hydro.ch\/pt-pt\/wp-json\/wp\/v2\/pages"}],"about":[{"href":"https:\/\/swiss-hydro.ch\/pt-pt\/wp-json\/wp\/v2\/types\/page"}],"author":[{"embeddable":true,"href":"https:\/\/swiss-hydro.ch\/pt-pt\/wp-json\/wp\/v2\/users\/1"}],"replies":[{"embeddable":true,"href":"https:\/\/swiss-hydro.ch\/pt-pt\/wp-json\/wp\/v2\/comments?post=29814"}],"version-history":[{"count":11,"href":"https:\/\/swiss-hydro.ch\/pt-pt\/wp-json\/wp\/v2\/pages\/29814\/revisions"}],"predecessor-version":[{"id":30583,"href":"https:\/\/swiss-hydro.ch\/pt-pt\/wp-json\/wp\/v2\/pages\/29814\/revisions\/30583"}],"wp:attachment":[{"href":"https:\/\/swiss-hydro.ch\/pt-pt\/wp-json\/wp\/v2\/media?parent=29814"}],"curies":[{"name":"wp","href":"https:\/\/api.w.org\/{rel}","templated":true}]}}