{"id":29817,"date":"2022-11-07T10:30:35","date_gmt":"2022-11-07T09:30:35","guid":{"rendered":"https:\/\/swiss-hydro.ch\/hydro-clean\/"},"modified":"2026-03-16T06:21:46","modified_gmt":"2026-03-16T05:21:46","slug":"hydro-clean","status":"publish","type":"page","link":"https:\/\/swiss-hydro.ch\/pt-pt\/hydro-clean\/","title":{"rendered":"HYDRO CLEAN"},"content":{"rendered":"\n<figure class=\"wp-block-image size-large\"><img decoding=\"async\" width=\"1024\" height=\"576\" src=\"https:\/\/swiss-hydro.ch\/wp-content\/uploads\/2026\/03\/HydroClean-home-1024x576.jpg\" alt=\"\" class=\"wp-image-30235\" srcset=\"https:\/\/swiss-hydro.ch\/wp-content\/uploads\/2026\/03\/HydroClean-home-1024x576.jpg 1024w, https:\/\/swiss-hydro.ch\/wp-content\/uploads\/2026\/03\/HydroClean-home-300x169.jpg 300w, https:\/\/swiss-hydro.ch\/wp-content\/uploads\/2026\/03\/HydroClean-home-768x432.jpg 768w, https:\/\/swiss-hydro.ch\/wp-content\/uploads\/2026\/03\/HydroClean-home-1536x864.jpg 1536w, https:\/\/swiss-hydro.ch\/wp-content\/uploads\/2026\/03\/HydroClean-home.jpg 1920w\" sizes=\"(max-width: 1024px) 100vw, 1024px\" \/><\/figure>\n\n\n\n<p class=\"has-vivid-cyan-blue-color has-text-color has-link-color wp-elements-e1b999f9ef9815cdede88f81d6574cdc\"><strong>Hydro Clean: Cuide dos seus sistemas de aquecimento e da sua casa<\/strong><\/p>\n\n\n\n<p>Desde o in\u00edcio da d\u00e9cada de 1970, muitos edif\u00edcios na Su\u00ed\u00e7a foram equipados com sistemas de aquecimento por piso radiante. Nestas instala\u00e7\u00f5es, eram geralmente utilizados tubos de pl\u00e1stico para a circula\u00e7\u00e3o de \u00e1gua quente. Com o passar do tempo, estes tubos podem sofrer diversos tipos de degrada\u00e7\u00e3o e assoreamento, provocando, por vezes, avarias logo dez anos ap\u00f3s a instala\u00e7\u00e3o.  <\/p>\n\n\n\n<p class=\"has-vivid-cyan-blue-color has-text-color has-link-color wp-elements-eaa170fec3a436774a7ec50f5df13c73\"><strong>Causas de problemas nos sistemas de aquecimento<\/strong><\/p>\n\n\n\n<p>As dificuldades encontradas nestas instala\u00e7\u00f5es est\u00e3o frequentemente ligadas \u00e0s primeiras gera\u00e7\u00f5es de tubos de pl\u00e1stico de camada \u00fanica. Estes tubos podem permitir a difus\u00e3o gradual das mol\u00e9culas de oxig\u00e9nio atrav\u00e9s da sua parede. <\/p>\n\n\n\n<p>A presen\u00e7a de oxig\u00e9nio no sistema pode provocar:<\/p>\n\n\n\n<ul class=\"wp-block-list\">\n<li>corros\u00e3o de componentes met\u00e1licos (v\u00e1lvulas, caldeiras, permutadores de calor)<\/li>\n\n\n\n<li>a forma\u00e7\u00e3o de res\u00edduos e part\u00edculas de ferrugem<\/li>\n\n\n\n<li>a acumula\u00e7\u00e3o progressiva de lodo em todo o circuito de aquecimento<\/li>\n<\/ul>\n\n\n\n<p>Al\u00e9m disso, os tubos s\u00e3o continuamente sujeitos a varia\u00e7\u00f5es significativas de temperatura, o que pode acelerar o desgaste do material e o esgotamento gradual dos seus estabilizadores.<\/p>\n\n\n\n<p class=\"has-vivid-cyan-blue-color has-text-color has-link-color wp-elements-f2d08d7a0895a4632f3f790e7105ad72\"><strong>Consequ\u00eancias para a sua instala\u00e7\u00e3o<\/strong><\/p>\n\n\n\n<p>Com o tempo, estes fen\u00f3menos podem levar a:<\/p>\n\n\n\n<ul class=\"wp-block-list\">\n<li>um enfraquecimento do material do tubo<\/li>\n\n\n\n<li>o aparecimento de microfissuras<\/li>\n\n\n\n<li>perdas de press\u00e3o no circuito<\/li>\n\n\n\n<li>uma diminui\u00e7\u00e3o do desempenho de aquecimento<\/li>\n<\/ul>\n\n\n\n<p>Para compensar esta perda de efici\u00eancia, os sistemas de aquecimento t\u00eam frequentemente de operar a temperaturas mais elevadas, o que leva a um aumento do consumo de energia (fuel\u00f3leo, g\u00e1s ou eletricidade para bombas de calor).<\/p>\n\n\n\n<p>Al\u00e9m disso, os custos de repara\u00e7\u00e3o podem ser significativos em caso de fuga ou danos causados \u200b\u200bpela \u00e1gua.<\/p>\n\n\n\n<p class=\"has-vivid-cyan-blue-color has-text-color has-link-color wp-elements-657ead67f2db5a4e4dc0847a61788cb0\"><strong>Hydro Clean: tecnologia avan\u00e7ada para a limpeza de circuitos.<\/strong><\/p>\n\n\n\n<p>A solu\u00e7\u00e3o Hydro Clean foi concebida para eliminar eficazmente os dep\u00f3sitos e lamas presentes nas tubagens de aquecimento, respeitando as instala\u00e7\u00f5es existentes.<\/p>\n\n\n\n<p>Esta tecnologia inovadora permite-nos:<\/p>\n\n\n\n<ul class=\"wp-block-list\">\n<li>limpeza profunda dos circuitos de aquecimento<\/li>\n\n\n\n<li>eliminar dep\u00f3sitos indesejados nos canos<\/li>\n\n\n\n<li>melhorar a circula\u00e7\u00e3o da \u00e1gua no sistema<\/li>\n\n\n\n<li>restaurar o desempenho do aquecimento<\/li>\n<\/ul>\n\n\n\n<p>O sistema funciona sem eletricidade e sem produtos qu\u00edmicos agressivos, tornando-se uma solu\u00e7\u00e3o ecol\u00f3gica e que n\u00e3o prejudica as instala\u00e7\u00f5es.<\/p>\n\n\n\n<figure class=\"wp-block-image size-large\"><img decoding=\"async\" width=\"1024\" height=\"576\" src=\"https:\/\/swiss-hydro.ch\/wp-content\/uploads\/2026\/03\/HydroCleanpt1-1024x576.jpg\" alt=\"\" class=\"wp-image-30584\" srcset=\"https:\/\/swiss-hydro.ch\/wp-content\/uploads\/2026\/03\/HydroCleanpt1-1024x576.jpg 1024w, https:\/\/swiss-hydro.ch\/wp-content\/uploads\/2026\/03\/HydroCleanpt1-300x169.jpg 300w, https:\/\/swiss-hydro.ch\/wp-content\/uploads\/2026\/03\/HydroCleanpt1-768x432.jpg 768w, https:\/\/swiss-hydro.ch\/wp-content\/uploads\/2026\/03\/HydroCleanpt1-1536x864.jpg 1536w, https:\/\/swiss-hydro.ch\/wp-content\/uploads\/2026\/03\/HydroCleanpt1.jpg 1920w\" sizes=\"(max-width: 1024px) 100vw, 1024px\" \/><\/figure>\n\n\n\n<figure class=\"wp-block-image size-large\"><img decoding=\"async\" width=\"1024\" height=\"576\" src=\"https:\/\/swiss-hydro.ch\/wp-content\/uploads\/2026\/03\/HydroCleanpt2-1024x576.jpg\" alt=\"\" class=\"wp-image-30587\" srcset=\"https:\/\/swiss-hydro.ch\/wp-content\/uploads\/2026\/03\/HydroCleanpt2-1024x576.jpg 1024w, https:\/\/swiss-hydro.ch\/wp-content\/uploads\/2026\/03\/HydroCleanpt2-300x169.jpg 300w, https:\/\/swiss-hydro.ch\/wp-content\/uploads\/2026\/03\/HydroCleanpt2-768x432.jpg 768w, https:\/\/swiss-hydro.ch\/wp-content\/uploads\/2026\/03\/HydroCleanpt2-1536x864.jpg 1536w, https:\/\/swiss-hydro.ch\/wp-content\/uploads\/2026\/03\/HydroCleanpt2.jpg 1920w\" sizes=\"(max-width: 1024px) 100vw, 1024px\" \/><\/figure>\n\n\n\n<p class=\"has-vivid-cyan-blue-color has-text-color has-link-color wp-elements-86f9595b933af087cecd525cb0dbaae8\"><strong>Uma solu\u00e7\u00e3o sustent\u00e1vel e ecol\u00f3gica<\/strong><\/p>\n\n\n\n<p>Fabricado com materiais de alta qualidade, o sistema Hydro Clean foi concebido para oferecer:<\/p>\n\n\n\n<ul class=\"wp-block-list\">\n<li>alta durabilidade<\/li>\n\n\n\n<li>uma redu\u00e7\u00e3o das necessidades de manuten\u00e7\u00e3o<\/li>\n\n\n\n<li>uma extens\u00e3o da vida \u00fatil dos sistemas de aquecimento<\/li>\n<\/ul>\n\n\n\n<p>Ao escolher a Hydro Clean, ajuda a proteger a sua casa, a reduzir o consumo de energia e a preservar o ambiente.<\/p>\n\n\n\n<figure class=\"wp-block-image size-large\"><img decoding=\"async\" width=\"1024\" height=\"576\" src=\"https:\/\/swiss-hydro.ch\/wp-content\/uploads\/2026\/03\/HydroCleanpt3-1024x576.jpg\" alt=\"\" class=\"wp-image-30591\" srcset=\"https:\/\/swiss-hydro.ch\/wp-content\/uploads\/2026\/03\/HydroCleanpt3-1024x576.jpg 1024w, https:\/\/swiss-hydro.ch\/wp-content\/uploads\/2026\/03\/HydroCleanpt3-300x169.jpg 300w, https:\/\/swiss-hydro.ch\/wp-content\/uploads\/2026\/03\/HydroCleanpt3-768x432.jpg 768w, https:\/\/swiss-hydro.ch\/wp-content\/uploads\/2026\/03\/HydroCleanpt3-1536x864.jpg 1536w, https:\/\/swiss-hydro.ch\/wp-content\/uploads\/2026\/03\/HydroCleanpt3.jpg 1920w\" sizes=\"(max-width: 1024px) 100vw, 1024px\" \/><\/figure>\n\n\n\n<p class=\"has-vivid-cyan-blue-color has-text-color has-link-color wp-elements-6345c49cf0742ef43c69c2997177a8ad\"><strong>Escolha uma solu\u00e7\u00e3o sustent\u00e1vel.<\/strong><\/p>\n\n\n\n<p>Escolha Hydro Clean, uma solu\u00e7\u00e3o ecol\u00f3gica e eficiente para a manuten\u00e7\u00e3o e prote\u00e7\u00e3o dos seus circuitos de aquecimento.<\/p>\n\n\n\n<p>Fa\u00e7a uma escolha respons\u00e1vel pela sua casa, pelo seu conforto e pelas gera\u00e7\u00f5es futuras.<\/p>\n","protected":false},"excerpt":{"rendered":"<p>Hydro Clean: Cuide dos seus sistemas de aquecimento e da sua casa Desde o in\u00edcio da d\u00e9cada de 1970, muitos edif\u00edcios na Su\u00ed\u00e7a foram equipados com sistemas de aquecimento por piso radiante. Nestas instala\u00e7\u00f5es, eram geralmente utilizados tubos de pl\u00e1stico &hellip; <\/p>\n","protected":false},"author":1,"featured_media":0,"parent":0,"menu_order":0,"comment_status":"closed","ping_status":"closed","template":"","meta":{"om_disable_all_campaigns":false,"_monsterinsights_skip_tracking":false,"_monsterinsights_sitenote_active":false,"_monsterinsights_sitenote_note":"","_monsterinsights_sitenote_category":0,"footnotes":""},"class_list":["post-29817","page","type-page","status-publish","hentry"],"aioseo_notices":[],"_links":{"self":[{"href":"https:\/\/swiss-hydro.ch\/pt-pt\/wp-json\/wp\/v2\/pages\/29817","targetHints":{"allow":["GET"]}}],"collection":[{"href":"https:\/\/swiss-hydro.ch\/pt-pt\/wp-json\/wp\/v2\/pages"}],"about":[{"href":"https:\/\/swiss-hydro.ch\/pt-pt\/wp-json\/wp\/v2\/types\/page"}],"author":[{"embeddable":true,"href":"https:\/\/swiss-hydro.ch\/pt-pt\/wp-json\/wp\/v2\/users\/1"}],"replies":[{"embeddable":true,"href":"https:\/\/swiss-hydro.ch\/pt-pt\/wp-json\/wp\/v2\/comments?post=29817"}],"version-history":[{"count":7,"href":"https:\/\/swiss-hydro.ch\/pt-pt\/wp-json\/wp\/v2\/pages\/29817\/revisions"}],"predecessor-version":[{"id":30594,"href":"https:\/\/swiss-hydro.ch\/pt-pt\/wp-json\/wp\/v2\/pages\/29817\/revisions\/30594"}],"wp:attachment":[{"href":"https:\/\/swiss-hydro.ch\/pt-pt\/wp-json\/wp\/v2\/media?parent=29817"}],"curies":[{"name":"wp","href":"https:\/\/api.w.org\/{rel}","templated":true}]}}