{"id":29820,"date":"2022-11-07T11:35:39","date_gmt":"2022-11-07T10:35:39","guid":{"rendered":"https:\/\/swiss-hydro.ch\/hydro-filtre\/"},"modified":"2026-03-16T06:22:59","modified_gmt":"2026-03-16T05:22:59","slug":"hydro-filtre","status":"publish","type":"page","link":"https:\/\/swiss-hydro.ch\/pt-pt\/hydro-filtre\/","title":{"rendered":"HYDRO FILTRE"},"content":{"rendered":"\n<figure class=\"wp-block-image size-large\"><img decoding=\"async\" width=\"1024\" height=\"576\" src=\"https:\/\/swiss-hydro.ch\/wp-content\/uploads\/2026\/03\/Hydro-Filtres-home-1024x576.jpg\" alt=\"\" class=\"wp-image-30272\" srcset=\"https:\/\/swiss-hydro.ch\/wp-content\/uploads\/2026\/03\/Hydro-Filtres-home-1024x576.jpg 1024w, https:\/\/swiss-hydro.ch\/wp-content\/uploads\/2026\/03\/Hydro-Filtres-home-300x169.jpg 300w, https:\/\/swiss-hydro.ch\/wp-content\/uploads\/2026\/03\/Hydro-Filtres-home-768x432.jpg 768w, https:\/\/swiss-hydro.ch\/wp-content\/uploads\/2026\/03\/Hydro-Filtres-home-1536x864.jpg 1536w, https:\/\/swiss-hydro.ch\/wp-content\/uploads\/2026\/03\/Hydro-Filtres-home.jpg 1920w\" sizes=\"(max-width: 1024px) 100vw, 1024px\" \/><\/figure>\n\n\n\n<p class=\"has-vivid-cyan-blue-color has-text-color has-link-color wp-elements-d2cd7a026d5395484896c90c582b6446\"><strong>Para uma \u00e1gua pot\u00e1vel mais pura, saborosa e revitalizada.<\/strong><\/p>\n\n\n\n<p>A \u00e1gua da torneira est\u00e1 entre os produtos alimentares mais controlados e monitorizados. No entanto, durante o seu percurso pelas redes p\u00fablicas de distribui\u00e7\u00e3o e instala\u00e7\u00f5es dom\u00e9sticas, a \u00e1gua pot\u00e1vel pode entrar em contacto com diversos elementos indesej\u00e1veis.<\/p>\n\n\n\n<p>Ao percorrer os canos, a \u00e1gua pode absorver certas part\u00edculas ou contaminantes, o que pode alterar a sua pureza e qualidades naturais antes de chegar \u00e0 sua torneira.<\/p>\n\n\n\n<p class=\"has-vivid-cyan-blue-color has-text-color has-link-color wp-elements-bab3c6168405f3a368d0a612e5831498\"><strong>Filtragem eficaz para uma melhor qualidade da \u00e1gua.<\/strong><\/p>\n\n\n\n<p>O sistema Vital Hydro Premium melhora a qualidade da \u00e1gua pot\u00e1vel atrav\u00e9s de um processo de filtragem avan\u00e7ado.<\/p>\n\n\n\n<p>Este dispositivo filtra eficazmente as part\u00edculas n\u00e3o dissolvidas, tais como:<\/p>\n\n\n\n<ul class=\"wp-block-list\">\n<li>gr\u00e3os de areia<\/li>\n\n\n\n<li>part\u00edculas finas<\/li>\n\n\n\n<li>micropl\u00e1sticos<\/li>\n<\/ul>\n\n\n\n<p>Al\u00e9m disso, o sistema utiliza carv\u00e3o ativado de alto desempenho, conhecido pelas suas propriedades de adsor\u00e7\u00e3o.<\/p>\n\n\n\n<p class=\"has-vivid-cyan-blue-color has-text-color has-link-color wp-elements-fa08e55b6f223ea2ab0ae298b5a53803\"><strong>Uma redu\u00e7\u00e3o das subst\u00e2ncias indesej\u00e1veis<\/strong><\/p>\n\n\n\n<p>Gra\u00e7as \u00e0 a\u00e7\u00e3o do carv\u00e3o ativado, o filtro ajuda tamb\u00e9m a reduzir certas subst\u00e2ncias dissolvidas na \u00e1gua, incluindo:<\/p>\n\n\n\n<ul class=\"wp-block-list\">\n<li>certos poluentes<\/li>\n\n\n\n<li>res\u00edduos de medicamentos<\/li>\n\n\n\n<li>pesticidas<\/li>\n\n\n\n<li>compostos org\u00e2nicos indesej\u00e1veis<\/li>\n<\/ul>\n\n\n\n<p>Este processo resulta numa \u00e1gua mais pura, com melhor sabor e mais adequada para o consumo di\u00e1rio.<\/p>\n\n\n\n<figure class=\"wp-block-image size-large\"><img decoding=\"async\" width=\"1024\" height=\"576\" src=\"https:\/\/swiss-hydro.ch\/wp-content\/uploads\/2026\/03\/HydroFiltrept-1024x576.jpg\" alt=\"\" class=\"wp-image-30595\" srcset=\"https:\/\/swiss-hydro.ch\/wp-content\/uploads\/2026\/03\/HydroFiltrept-1024x576.jpg 1024w, https:\/\/swiss-hydro.ch\/wp-content\/uploads\/2026\/03\/HydroFiltrept-300x169.jpg 300w, https:\/\/swiss-hydro.ch\/wp-content\/uploads\/2026\/03\/HydroFiltrept-768x432.jpg 768w, https:\/\/swiss-hydro.ch\/wp-content\/uploads\/2026\/03\/HydroFiltrept-1536x864.jpg 1536w, https:\/\/swiss-hydro.ch\/wp-content\/uploads\/2026\/03\/HydroFiltrept.jpg 1920w\" sizes=\"(max-width: 1024px) 100vw, 1024px\" \/><\/figure>\n\n\n\n<p class=\"has-vivid-cyan-blue-color has-text-color has-link-color wp-elements-f058e5c7baff63a721e22d67c98de09f\"><strong>Uma solu\u00e7\u00e3o simples para melhorar a sua \u00e1gua pot\u00e1vel.<\/strong><\/p>\n\n\n\n<p>Com o Hydro Filter, a Swiss Hydro oferece uma solu\u00e7\u00e3o eficaz para otimizar a qualidade da \u00e1gua da torneira, preservando os seus minerais essenciais. O resultado: \u00e1gua filtrada mais saud\u00e1vel e agrad\u00e1vel de beber, entregue diretamente em sua casa.<\/p>\n","protected":false},"excerpt":{"rendered":"<p>Para uma \u00e1gua pot\u00e1vel mais pura, saborosa e revitalizada. A \u00e1gua da torneira est\u00e1 entre os produtos alimentares mais controlados e monitorizados. No entanto, durante o seu percurso pelas redes p\u00fablicas de distribui\u00e7\u00e3o e instala\u00e7\u00f5es dom\u00e9sticas, a \u00e1gua pot\u00e1vel pode &hellip; <\/p>\n","protected":false},"author":1,"featured_media":0,"parent":0,"menu_order":0,"comment_status":"closed","ping_status":"closed","template":"","meta":{"om_disable_all_campaigns":false,"_monsterinsights_skip_tracking":false,"_monsterinsights_sitenote_active":false,"_monsterinsights_sitenote_note":"","_monsterinsights_sitenote_category":0,"footnotes":""},"class_list":["post-29820","page","type-page","status-publish","hentry"],"aioseo_notices":[],"_links":{"self":[{"href":"https:\/\/swiss-hydro.ch\/pt-pt\/wp-json\/wp\/v2\/pages\/29820","targetHints":{"allow":["GET"]}}],"collection":[{"href":"https:\/\/swiss-hydro.ch\/pt-pt\/wp-json\/wp\/v2\/pages"}],"about":[{"href":"https:\/\/swiss-hydro.ch\/pt-pt\/wp-json\/wp\/v2\/types\/page"}],"author":[{"embeddable":true,"href":"https:\/\/swiss-hydro.ch\/pt-pt\/wp-json\/wp\/v2\/users\/1"}],"replies":[{"embeddable":true,"href":"https:\/\/swiss-hydro.ch\/pt-pt\/wp-json\/wp\/v2\/comments?post=29820"}],"version-history":[{"count":4,"href":"https:\/\/swiss-hydro.ch\/pt-pt\/wp-json\/wp\/v2\/pages\/29820\/revisions"}],"predecessor-version":[{"id":30598,"href":"https:\/\/swiss-hydro.ch\/pt-pt\/wp-json\/wp\/v2\/pages\/29820\/revisions\/30598"}],"wp:attachment":[{"href":"https:\/\/swiss-hydro.ch\/pt-pt\/wp-json\/wp\/v2\/media?parent=29820"}],"curies":[{"name":"wp","href":"https:\/\/api.w.org\/{rel}","templated":true}]}}