{"id":29823,"date":"2022-11-07T11:35:39","date_gmt":"2022-11-07T10:35:39","guid":{"rendered":"https:\/\/swiss-hydro.ch\/hydro-recup\/"},"modified":"2026-03-16T06:24:37","modified_gmt":"2026-03-16T05:24:37","slug":"hydro-recup","status":"publish","type":"page","link":"https:\/\/swiss-hydro.ch\/pt-pt\/hydro-recup\/","title":{"rendered":"HYDRO R\u00c9CUP&#8217;"},"content":{"rendered":"\n<figure class=\"wp-block-image size-large\"><img decoding=\"async\" width=\"1024\" height=\"576\" src=\"https:\/\/swiss-hydro.ch\/wp-content\/uploads\/2026\/03\/Hydro-Recup-Home-1024x576.jpg\" alt=\"\" class=\"wp-image-30284\" srcset=\"https:\/\/swiss-hydro.ch\/wp-content\/uploads\/2026\/03\/Hydro-Recup-Home-1024x576.jpg 1024w, https:\/\/swiss-hydro.ch\/wp-content\/uploads\/2026\/03\/Hydro-Recup-Home-300x169.jpg 300w, https:\/\/swiss-hydro.ch\/wp-content\/uploads\/2026\/03\/Hydro-Recup-Home-768x432.jpg 768w, https:\/\/swiss-hydro.ch\/wp-content\/uploads\/2026\/03\/Hydro-Recup-Home-1536x864.jpg 1536w, https:\/\/swiss-hydro.ch\/wp-content\/uploads\/2026\/03\/Hydro-Recup-Home.jpg 1920w\" sizes=\"(max-width: 1024px) 100vw, 1024px\" \/><\/figure>\n\n\n\n<p class=\"has-vivid-cyan-blue-color has-text-color has-link-color wp-elements-4ac56f1b7df22bf793f448ab3545bbdc\"><strong>Sistema ecol\u00f3gico de reciclagem de \u00e1gua<\/strong><\/p>\n\n\n\n<p>O sistema Hydro R\u00e9cup\u2019 \u00e9 uma solu\u00e7\u00e3o inovadora de reciclagem de \u00e1guas residuais, concebida para ajudar as empresas a reduzir o consumo de \u00e1gua e o impacto ambiental.<\/p>\n\n\n\n<p>Ao reutilizar a \u00e1gua ap\u00f3s o tratamento, este dispositivo ajuda a limitar o desperd\u00edcio de recursos naturais, reduzindo simultaneamente os lan\u00e7amentos de poluentes e a utiliza\u00e7\u00e3o de produtos qu\u00edmicos.<\/p>\n\n\n\n<p>Gra\u00e7as ao Hydro R\u00e9cup\u2019, a sua empresa tamb\u00e9m refor\u00e7a o seu compromisso ambiental e melhora a sua imagem junto dos clientes, parceiros e colaboradores.<\/p>\n\n\n\n<p class=\"has-vivid-cyan-blue-color has-text-color has-link-color wp-elements-7ae9c1b0a108dab53579f2ec63d91480\"><strong>Redu\u00e7\u00e3o dos custos operacionais<\/strong><\/p>\n\n\n\n<p>A instala\u00e7\u00e3o do sistema Hydro R\u00e9cup permite uma poupan\u00e7a significativa em diversas despesas:<\/p>\n\n\n\n<ul class=\"wp-block-list\">\n<li>consumo de \u00e1gua pot\u00e1vel<\/li>\n\n\n\n<li>elimina\u00e7\u00e3o de \u00e1guas residuais<\/li>\n\n\n\n<li>remo\u00e7\u00e3o e tratamento de lamas<\/li>\n\n\n\n<li>utiliza\u00e7\u00e3o de aditivos qu\u00edmicos<\/li>\n\n\n\n<li>Aquisi\u00e7\u00e3o e manuten\u00e7\u00e3o de equipamentos de recupera\u00e7\u00e3o de \u00f3leos<\/li>\n<\/ul>\n\n\n\n<p>O sistema tamb\u00e9m pode ser oferecido para aluguer, permitindo que sejam gerados lucros e poupan\u00e7as desde o momento em que entra em funcionamento.<\/p>\n\n\n\n<p class=\"has-vivid-cyan-blue-color has-text-color has-link-color wp-elements-eabd689b60d5a85e3f79d027cfebe922\"><strong>Reciclagem eficiente da \u00e1gua<\/strong><\/p>\n\n\n\n<p>A Hydro R\u00e9cup \u00e9 capaz de reciclar at\u00e9 100% das \u00e1guas residuais drenadas, limitando assim significativamente as descargas no ambiente*.<\/p>\n\n\n\n<p>A \u00e1gua reciclada obtida \u00e9 l\u00edmpida e de elevada qualidade, visualmente compar\u00e1vel \u00e0 \u00e1gua pot\u00e1vel**. Os materiais utilizados no fabrico do sistema garantem uma elevada durabilidade e uma excelente fiabilidade ao longo do tempo.<\/p>\n\n\n\n<p class=\"has-vivid-cyan-blue-color has-text-color has-link-color wp-elements-4b7bf7b446e27dc037de491cc53f73af\"><strong>Gest\u00e3o e controle remotos<\/strong><\/p>\n\n\n\n<p>O sistema pode ser controlado e monitorizado online a partir de qualquer computador.<\/p>\n\n\n\n<p>O software integrado permite rastrear, entre outras coisas:<\/p>\n\n\n\n<ul class=\"wp-block-list\">\n<li>a quantidade de \u00e1gua recicladala quantit\u00e9 d\u2019eau recycl\u00e9e<\/li>\n\n\n\n<li>consumo de \u00e1gua pot\u00e1vel<\/li>\n\n\n\n<li>o desempenho global do sistema<\/li>\n<\/ul>\n\n\n\n<p>Estes dados podem ser utilizados para medir e documentar a redu\u00e7\u00e3o da pegada ambiental da sua empresa.<\/p>\n\n\n\n<figure class=\"wp-block-image size-large\"><img decoding=\"async\" width=\"1024\" height=\"576\" src=\"https:\/\/swiss-hydro.ch\/wp-content\/uploads\/2026\/03\/HydroRecuppt1-1024x576.jpg\" alt=\"\" class=\"wp-image-30599\" srcset=\"https:\/\/swiss-hydro.ch\/wp-content\/uploads\/2026\/03\/HydroRecuppt1-1024x576.jpg 1024w, https:\/\/swiss-hydro.ch\/wp-content\/uploads\/2026\/03\/HydroRecuppt1-300x169.jpg 300w, https:\/\/swiss-hydro.ch\/wp-content\/uploads\/2026\/03\/HydroRecuppt1-768x432.jpg 768w, https:\/\/swiss-hydro.ch\/wp-content\/uploads\/2026\/03\/HydroRecuppt1-1536x864.jpg 1536w, https:\/\/swiss-hydro.ch\/wp-content\/uploads\/2026\/03\/HydroRecuppt1.jpg 1920w\" sizes=\"(max-width: 1024px) 100vw, 1024px\" \/><\/figure>\n\n\n\n<p class=\"has-vivid-cyan-blue-color has-text-color has-link-color wp-elements-0e4b734dedbb3d3ba9b58b533c1e6fcd\"><strong>Uma solu\u00e7\u00e3o simples e descomplicada<\/strong><\/p>\n\n\n\n<p>O sistema Hydro R\u00e9cup foi concebido para ser f\u00e1cil de operar e exigir pouca manuten\u00e7\u00e3o.<\/p>\n\n\n\n<ul class=\"wp-block-list\">\n<li>Uma verifica\u00e7\u00e3o simples \u00e9 geralmente suficiente uma vez por semana ou a cada duas semanas.<\/li>\n\n\n\n<li>N\u00e3o \u00e9 necess\u00e1rio mudar a \u00e1gua.<\/li>\n\n\n\n<li>A unidade pode ser movida facilmente, se necess\u00e1rio.<\/li>\n<\/ul>\n\n\n\n<p class=\"has-vivid-cyan-blue-color has-text-color has-link-color wp-elements-1abb19363a8d732c2a131e5dbae93ac1\"><strong>Uma solu\u00e7\u00e3o sustent\u00e1vel para uma gest\u00e3o respons\u00e1vel da \u00e1gua.<\/strong><\/p>\n\n\n\n<p>Com o Hydro R\u00e9cup\u2019, as empresas disp\u00f5em de um sistema de alto desempenho que lhes permite reduzir o consumo de \u00e1gua, os custos operacionais e o impacto ambiental.<\/p>\n\n\n\n<p>Uma solu\u00e7\u00e3o eficaz para conciliar o desempenho econ\u00f3mico e a responsabilidade ambiental.<\/p>\n\n\n\n<p>* Podem ocorrer pequenas fugas durante o per\u00edodo de inverno, quando a \u00e1gua tratada necessita de ser dilu\u00edda com \u00e1gua da chuva ou \u00e1gua pot\u00e1vel para evitar dep\u00f3sitos de sal nos ve\u00edculos.<\/p>\n\n\n\n<p>**A \u00e1gua reciclada pode ser visualmente t\u00e3o transparente como a \u00e1gua pot\u00e1vel, mas n\u00e3o se destina ao consumo humano.<\/p>\n\n\n\n<figure class=\"wp-block-image size-large\"><img decoding=\"async\" width=\"1024\" height=\"576\" src=\"https:\/\/swiss-hydro.ch\/wp-content\/uploads\/2026\/03\/HydroRecuppt2-1024x576.jpg\" alt=\"\" class=\"wp-image-30602\" srcset=\"https:\/\/swiss-hydro.ch\/wp-content\/uploads\/2026\/03\/HydroRecuppt2-1024x576.jpg 1024w, https:\/\/swiss-hydro.ch\/wp-content\/uploads\/2026\/03\/HydroRecuppt2-300x169.jpg 300w, https:\/\/swiss-hydro.ch\/wp-content\/uploads\/2026\/03\/HydroRecuppt2-768x432.jpg 768w, https:\/\/swiss-hydro.ch\/wp-content\/uploads\/2026\/03\/HydroRecuppt2-1536x864.jpg 1536w, https:\/\/swiss-hydro.ch\/wp-content\/uploads\/2026\/03\/HydroRecuppt2.jpg 1920w\" sizes=\"(max-width: 1024px) 100vw, 1024px\" \/><\/figure>\n","protected":false},"excerpt":{"rendered":"<p>Sistema ecol\u00f3gico de reciclagem de \u00e1gua O sistema Hydro R\u00e9cup\u2019 \u00e9 uma solu\u00e7\u00e3o inovadora de reciclagem de \u00e1guas residuais, concebida para ajudar as empresas a reduzir o consumo de \u00e1gua e o impacto ambiental. Ao reutilizar a \u00e1gua ap\u00f3s o &hellip; <\/p>\n","protected":false},"author":1,"featured_media":0,"parent":0,"menu_order":0,"comment_status":"closed","ping_status":"closed","template":"","meta":{"om_disable_all_campaigns":false,"_monsterinsights_skip_tracking":false,"_monsterinsights_sitenote_active":false,"_monsterinsights_sitenote_note":"","_monsterinsights_sitenote_category":0,"footnotes":""},"class_list":["post-29823","page","type-page","status-publish","hentry"],"aioseo_notices":[],"_links":{"self":[{"href":"https:\/\/swiss-hydro.ch\/pt-pt\/wp-json\/wp\/v2\/pages\/29823","targetHints":{"allow":["GET"]}}],"collection":[{"href":"https:\/\/swiss-hydro.ch\/pt-pt\/wp-json\/wp\/v2\/pages"}],"about":[{"href":"https:\/\/swiss-hydro.ch\/pt-pt\/wp-json\/wp\/v2\/types\/page"}],"author":[{"embeddable":true,"href":"https:\/\/swiss-hydro.ch\/pt-pt\/wp-json\/wp\/v2\/users\/1"}],"replies":[{"embeddable":true,"href":"https:\/\/swiss-hydro.ch\/pt-pt\/wp-json\/wp\/v2\/comments?post=29823"}],"version-history":[{"count":14,"href":"https:\/\/swiss-hydro.ch\/pt-pt\/wp-json\/wp\/v2\/pages\/29823\/revisions"}],"predecessor-version":[{"id":30605,"href":"https:\/\/swiss-hydro.ch\/pt-pt\/wp-json\/wp\/v2\/pages\/29823\/revisions\/30605"}],"wp:attachment":[{"href":"https:\/\/swiss-hydro.ch\/pt-pt\/wp-json\/wp\/v2\/media?parent=29823"}],"curies":[{"name":"wp","href":"https:\/\/api.w.org\/{rel}","templated":true}]}}