{"id":30561,"date":"2026-03-12T23:24:30","date_gmt":"2026-03-12T22:24:30","guid":{"rendered":"https:\/\/swiss-hydro.ch\/tecnica-documentacao\/"},"modified":"2026-03-16T06:31:50","modified_gmt":"2026-03-16T05:31:50","slug":"tecnica-documentacao","status":"publish","type":"page","link":"https:\/\/swiss-hydro.ch\/pt-pt\/tecnica-documentacao\/","title":{"rendered":"T\u00c9CNICA (DOCUMENTA\u00c7\u00c3O)"},"content":{"rendered":"\n<p class=\"has-vivid-cyan-blue-color has-text-color has-link-color wp-elements-7d07cf69d093ee76ec663734c06483be\">Somente em franc\u00eas<\/p>\n\n<div data-wp-interactive=\"core\/file\" class=\"wp-block-file\"><object data-wp-bind--hidden=\"!state.hasPdfPreview\" hidden class=\"wp-block-file__embed\" data=\"https:\/\/swiss-hydro.ch\/wp-content\/uploads\/2026\/03\/1.-Hydro-Care.pdf\" type=\"application\/pdf\" style=\"width:100%;height:600px\" aria-label=\"Incorpora\u00e7\u00e3o de 1. Hydro-Care.\"><\/object><a id=\"wp-block-file--media-45574fc8-06a3-4e22-814b-e73679098960\" href=\"https:\/\/swiss-hydro.ch\/wp-content\/uploads\/2026\/03\/1.-Hydro-Care.pdf\">1. Hydro-Care<\/a><a href=\"https:\/\/swiss-hydro.ch\/wp-content\/uploads\/2026\/03\/1.-Hydro-Care.pdf\" class=\"wp-block-file__button wp-element-button\" download=\"\" aria-describedby=\"wp-block-file--media-45574fc8-06a3-4e22-814b-e73679098960\">Download<\/a><\/div>\n\n<div data-wp-interactive=\"core\/file\" class=\"wp-block-file\"><object data-wp-bind--hidden=\"!state.hasPdfPreview\" hidden class=\"wp-block-file__embed\" data=\"https:\/\/swiss-hydro.ch\/wp-content\/uploads\/2026\/03\/2.-Plaquette-HydroCare.pdf\" type=\"application\/pdf\" style=\"width:100%;height:600px\" aria-label=\"Incorpora\u00e7\u00e3o de 2. Plaquette HydroCare.\"><\/object><a id=\"wp-block-file--media-c4bd04cd-d0ab-491b-9843-776fda1420ce\" href=\"https:\/\/swiss-hydro.ch\/wp-content\/uploads\/2026\/03\/2.-Plaquette-HydroCare.pdf\">2. Plaquette HydroCare<\/a><a href=\"https:\/\/swiss-hydro.ch\/wp-content\/uploads\/2026\/03\/2.-Plaquette-HydroCare.pdf\" class=\"wp-block-file__button wp-element-button\" download=\"\" aria-describedby=\"wp-block-file--media-c4bd04cd-d0ab-491b-9843-776fda1420ce\">Download<\/a><\/div>\n\n<div data-wp-interactive=\"core\/file\" class=\"wp-block-file\"><object data-wp-bind--hidden=\"!state.hasPdfPreview\" hidden class=\"wp-block-file__embed\" data=\"https:\/\/swiss-hydro.ch\/wp-content\/uploads\/2026\/03\/3.-Hydro-Clean.pdf\" type=\"application\/pdf\" style=\"width:100%;height:600px\" aria-label=\"Incorpora\u00e7\u00e3o de 3. Hydro-Clean.\"><\/object><a id=\"wp-block-file--media-eb62fd8e-4c94-4bdb-991f-9b3107eee115\" href=\"https:\/\/swiss-hydro.ch\/wp-content\/uploads\/2026\/03\/3.-Hydro-Clean.pdf\">3. Hydro-Clean<\/a><a href=\"https:\/\/swiss-hydro.ch\/wp-content\/uploads\/2026\/03\/3.-Hydro-Clean.pdf\" class=\"wp-block-file__button wp-element-button\" download=\"\" aria-describedby=\"wp-block-file--media-eb62fd8e-4c94-4bdb-991f-9b3107eee115\">Download<\/a><\/div>\n\n<div data-wp-interactive=\"core\/file\" class=\"wp-block-file\"><object data-wp-bind--hidden=\"!state.hasPdfPreview\" hidden class=\"wp-block-file__embed\" data=\"https:\/\/swiss-hydro.ch\/wp-content\/uploads\/2026\/03\/4.-Plaquette-HydroClean.pdf\" type=\"application\/pdf\" style=\"width:100%;height:600px\" aria-label=\"Incorpora\u00e7\u00e3o de 4. Plaquette HydroClean.\"><\/object><a id=\"wp-block-file--media-2023c50e-1ad2-4cf4-b025-37bad2684066\" href=\"https:\/\/swiss-hydro.ch\/wp-content\/uploads\/2026\/03\/4.-Plaquette-HydroClean.pdf\">4. Plaquette HydroClean<\/a><a href=\"https:\/\/swiss-hydro.ch\/wp-content\/uploads\/2026\/03\/4.-Plaquette-HydroClean.pdf\" class=\"wp-block-file__button wp-element-button\" download=\"\" aria-describedby=\"wp-block-file--media-2023c50e-1ad2-4cf4-b025-37bad2684066\">Download<\/a><\/div>\n\n<div data-wp-interactive=\"core\/file\" class=\"wp-block-file\"><object data-wp-bind--hidden=\"!state.hasPdfPreview\" hidden class=\"wp-block-file__embed\" data=\"https:\/\/swiss-hydro.ch\/wp-content\/uploads\/2026\/03\/5.-Caract&#x201A;ristique-HydroCare-HydroClean.pdf\" type=\"application\/pdf\" style=\"width:100%;height:600px\" aria-label=\"Incorpora\u00e7\u00e3o de 5. Caract\u201aristique HydroCare &amp; HydroClean.\"><\/object><a id=\"wp-block-file--media-bafaf29e-8e84-4c48-b576-6b1b886f3139\" href=\"https:\/\/swiss-hydro.ch\/wp-content\/uploads\/2026\/03\/5.-Caract&#x201A;ristique-HydroCare-HydroClean.pdf\">5. Caract\u201aristique HydroCare &amp; HydroClean<\/a><a href=\"https:\/\/swiss-hydro.ch\/wp-content\/uploads\/2026\/03\/5.-Caract&#x201A;ristique-HydroCare-HydroClean.pdf\" class=\"wp-block-file__button wp-element-button\" download=\"\" aria-describedby=\"wp-block-file--media-bafaf29e-8e84-4c48-b576-6b1b886f3139\">Download<\/a><\/div>\n\n<div data-wp-interactive=\"core\/file\" class=\"wp-block-file\"><object data-wp-bind--hidden=\"!state.hasPdfPreview\" hidden class=\"wp-block-file__embed\" data=\"https:\/\/swiss-hydro.ch\/wp-content\/uploads\/2026\/03\/6.-Hydro-Filtre.pdf\" type=\"application\/pdf\" style=\"width:100%;height:600px\" aria-label=\"Incorpora\u00e7\u00e3o de 6. Hydro-Filtre.\"><\/object><a id=\"wp-block-file--media-67023337-2a5b-403f-a1a4-4608a504f8b8\" href=\"https:\/\/swiss-hydro.ch\/wp-content\/uploads\/2026\/03\/6.-Hydro-Filtre.pdf\">6. Hydro-Filtre<\/a><a href=\"https:\/\/swiss-hydro.ch\/wp-content\/uploads\/2026\/03\/6.-Hydro-Filtre.pdf\" class=\"wp-block-file__button wp-element-button\" download=\"\" aria-describedby=\"wp-block-file--media-67023337-2a5b-403f-a1a4-4608a504f8b8\">Download<\/a><\/div>\n\n<div data-wp-interactive=\"core\/file\" class=\"wp-block-file\"><object data-wp-bind--hidden=\"!state.hasPdfPreview\" hidden class=\"wp-block-file__embed\" data=\"https:\/\/swiss-hydro.ch\/wp-content\/uploads\/2026\/03\/7.-Datasheet_FR_A5.pdf\" type=\"application\/pdf\" style=\"width:100%;height:600px\" aria-label=\"Incorpora\u00e7\u00e3o de 7. Datasheet_FR_A5.\"><\/object><a id=\"wp-block-file--media-eaf1f662-14b5-42aa-81e6-1fb6b8be9a70\" href=\"https:\/\/swiss-hydro.ch\/wp-content\/uploads\/2026\/03\/7.-Datasheet_FR_A5.pdf\">7. Datasheet_FR_A5<\/a><a href=\"https:\/\/swiss-hydro.ch\/wp-content\/uploads\/2026\/03\/7.-Datasheet_FR_A5.pdf\" class=\"wp-block-file__button wp-element-button\" download=\"\" aria-describedby=\"wp-block-file--media-eaf1f662-14b5-42aa-81e6-1fb6b8be9a70\">Download<\/a><\/div>\n\n<div data-wp-interactive=\"core\/file\" class=\"wp-block-file\"><object data-wp-bind--hidden=\"!state.hasPdfPreview\" hidden class=\"wp-block-file__embed\" data=\"https:\/\/swiss-hydro.ch\/wp-content\/uploads\/2026\/03\/8.-Primus_F_2021_SwissHydro.pdf\" type=\"application\/pdf\" style=\"width:100%;height:600px\" aria-label=\"Incorpora\u00e7\u00e3o de 8. Primus_F_2021_SwissHydro.\"><\/object><a id=\"wp-block-file--media-712ea4bc-8122-42fa-80b4-41b7fed83295\" href=\"https:\/\/swiss-hydro.ch\/wp-content\/uploads\/2026\/03\/8.-Primus_F_2021_SwissHydro.pdf\">8. Primus_F_2021_SwissHydro<\/a><a href=\"https:\/\/swiss-hydro.ch\/wp-content\/uploads\/2026\/03\/8.-Primus_F_2021_SwissHydro.pdf\" class=\"wp-block-file__button wp-element-button\" download=\"\" aria-describedby=\"wp-block-file--media-712ea4bc-8122-42fa-80b4-41b7fed83295\">Download<\/a><\/div>\n","protected":false},"excerpt":{"rendered":"<p>Somente em franc\u00eas<\/p>\n","protected":false},"author":1,"featured_media":0,"parent":0,"menu_order":0,"comment_status":"closed","ping_status":"closed","template":"","meta":{"om_disable_all_campaigns":false,"_monsterinsights_skip_tracking":false,"_monsterinsights_sitenote_active":false,"_monsterinsights_sitenote_note":"","_monsterinsights_sitenote_category":0,"footnotes":""},"class_list":["post-30561","page","type-page","status-publish","hentry"],"aioseo_notices":[],"_links":{"self":[{"href":"https:\/\/swiss-hydro.ch\/pt-pt\/wp-json\/wp\/v2\/pages\/30561","targetHints":{"allow":["GET"]}}],"collection":[{"href":"https:\/\/swiss-hydro.ch\/pt-pt\/wp-json\/wp\/v2\/pages"}],"about":[{"href":"https:\/\/swiss-hydro.ch\/pt-pt\/wp-json\/wp\/v2\/types\/page"}],"author":[{"embeddable":true,"href":"https:\/\/swiss-hydro.ch\/pt-pt\/wp-json\/wp\/v2\/users\/1"}],"replies":[{"embeddable":true,"href":"https:\/\/swiss-hydro.ch\/pt-pt\/wp-json\/wp\/v2\/comments?post=30561"}],"version-history":[{"count":2,"href":"https:\/\/swiss-hydro.ch\/pt-pt\/wp-json\/wp\/v2\/pages\/30561\/revisions"}],"predecessor-version":[{"id":30607,"href":"https:\/\/swiss-hydro.ch\/pt-pt\/wp-json\/wp\/v2\/pages\/30561\/revisions\/30607"}],"wp:attachment":[{"href":"https:\/\/swiss-hydro.ch\/pt-pt\/wp-json\/wp\/v2\/media?parent=30561"}],"curies":[{"name":"wp","href":"https:\/\/api.w.org\/{rel}","templated":true}]}}